{"id":2642,"date":"2018-05-01T00:00:20","date_gmt":"2018-04-30T22:00:20","guid":{"rendered":"https:\/\/techcode-germany.com\/home\/?page_id=2642"},"modified":"2022-02-16T18:02:43","modified_gmt":"2022-02-16T17:02:43","slug":"privacy-policy","status":"publish","type":"page","link":"https:\/\/techcode-germany.com\/home\/privacy-policy\/","title":{"rendered":"Privacy Policy"},"content":{"rendered":"<h4>Datenschutzerkl\u00e4rung<\/h4>\n<p>Wir freuen uns \u00fcber Ihren Besuch auf unserer Webseite sowie \u00fcber ihr Interesse an unserem Unternehmen und unseren Produkten. Damit Sie sich beim Besuch unserer Webseite sicher und wohl f\u00fchlen, nehmen wir den Schutz Ihrer pers\u00f6nlichen Daten und deren vertrauliche Behandlung sehr ernst.<\/p>\n<p>Mit diesen Hinweisen zum Datenschutz m\u00f6chten wir Sie daher dar\u00fcber informieren, wann wir welche Daten speichern und wie wir sie verwenden &#8211; selbstverst\u00e4ndlich unter Beachtung der geltenden deutschen Datenschutzvorschriften.<\/p>\n<h4>Anonyme Datenerhebung<\/h4>\n<p>Wenn Sie auf unsere Internetseiten zugreifen, erfassen unsere Web-Server automatisch Informationen allgemeiner Natur. Dazu geh\u00f6ren die Art des Webbrowsers, das verwendete Betriebssystem, der Domainname des Internet Service Providers, die IP-Adresse des verwendeten Computers, die Webseite, von der aus Sie uns besuchen, die Seiten, die Sie bei uns besuchen sowie das Datum und die Dauer des Besuches. Hierbei handelt es sich ausschlie\u00dflich um Informationen, welche keine R\u00fcckschl\u00fcsse auf Ihre Person zulassen. Wir werten diese Daten nur f\u00fcr statistische Zwecke und nur in anonymer Form aus.<\/p>\n<h4>Erhebung und Verarbeitung personenbezogener Daten<\/h4>\n<p>Personenbezogene Daten werden nur erhoben, wenn Sie diese von sich aus, zum Beispiel zur Durchf\u00fchrung eines Auftrages, einer Umfrage, eines Preisausschreibens oder einer Registrierung f\u00fcr personalisierte Dienste mitteilen. Dort werden Sie \u00fcber den beabsichtigten Verarbeitungszweck informiert und falls erforderlich um Ihre Zustimmung zur Speicherung gebeten. Ihre Daten werden vor der \u00dcbertragung und Verarbeitung verschl\u00fcsselt, um diese vor dem Zugriff unberechtigter Personen zu sch\u00fctzen.<br \/>Ausnahme stellt hierbei der E-Mail-Versand dar.<\/p>\n<h4>Nutzung und Weitergabe der erhobenen Daten<\/h4>\n<p>Die im Rahmen unserer Webseiten erhobenen personenbezogenen Daten werden ohne Ihre Einwilligung nur zur Auftragsabwicklung oder Bearbeitung Ihrer Anfragen genutzt und daf\u00fcr gegebenenfalls an die zust\u00e4ndige Konzerngesellschaft weitergegeben. Nur mit Ihrer Einwilligung erfolgt dar\u00fcber hinaus eine Nutzung Ihrer Daten in einer unter Verantwortung der Techcode SME Services Co. Ltd. verwalteten, zentral gef\u00fchrten Kunden- und Interessenten-Datenbank und eine Zusammenf\u00fchrung Ihrer Daten im Techcode Konzern. Die Nutzung dieser Daten bleibt auf Zwecke der Werbung und Markt- und Meinungsforschung beschr\u00e4nkt und ist ausschlie\u00dflich Techcode SME Services Co. Ltd. innerhalb der Bundesrepublik Deutschland m\u00f6glich. Ihre jeweilige Einwilligung k\u00f6nnen Sie jederzeit mit Wirkung f\u00fcr die Zukunft widerrufen.<\/p>\n<p>Ihre Daten werden nicht verkauft, vermietet oder in anderer Weise Dritten zur Verf\u00fcgung gestellt. \u00dcbermittlungen personenbezogener Daten an staatliche Einrichtungen und Beh\u00f6rden erfolgen nur im Rahmen zwingender nationaler Rechtsvorschriften. Unsere Mitarbeiter, Agenturen und H\u00e4ndler sind von uns zu strengster Vertraulichkeit verpflichtet.<\/p>\n<h4>Cookies<\/h4>\n<p>In einigen Bereichen unserer Seiten werden sogenannte Cookies eingesetzt. Ein Cookie ist eine kleine Textdatei, die von einer Website auf Ihrer Festplatte abgelegt wird. Cookies richten auf Ihrem Rechner keinen Schaden an und enthalten keine Viren. Die Cookies unserer Internetseiten erheben keinerlei personenbezogene Daten. Die in Cookies enthaltenen Informationen verwenden wir, um Ihnen die Nutzung unserer Seiten zu erleichtern und sie auf Ihre Bed\u00fcrfnisse abzustimmen.<\/p>\n<p>Nat\u00fcrlich k\u00f6nnen Sie unsere Webseite auch ohne Cookies betrachten. Falls Sie nicht m\u00f6chten, dass Cookies auf Ihrem Rechner gespeichert werden, k\u00f6nnen Sie die entsprechende Option in den Systemeinstellungen Ihres Browsers deaktivieren. Gespeicherte Cookies k\u00f6nnen Sie in den Systemeinstellungen Ihres Browsers jederzeit l\u00f6schen. Wenn Sie keine Cookies akzeptieren, kann dieses allerdings zu Funktionseinschr\u00e4nkungen unserer Angebote f\u00fchren.<\/p>\n<h4>Google\u00a0Analytics<\/h4>\n<p>Diese Website benutzt\u00a0Google\u00a0Analytics, einen Webanalysedienst der\u00a0Google\u00a0Inc. (\u201eGoogle\u201c).\u00a0Google\u00a0Analytics verwendet sog. \u201eCookies\u201c, Textdateien, die auf Ihrem Computer gespeichert werden und die eine Analyse der Benutzung der Website durch Sie erm\u00f6glichen. Die durch den Cookie erzeugten Informationen \u00fcber Ihre Benutzung dieser Website werden in der Regel an einen Server von\u00a0Google\u00a0in den USA \u00fcbertragen und dort gespeichert. Im Falle der Aktivierung der IP-Anonymisierung auf dieser Webseite, wird Ihre IP-Adresse von\u00a0Google\u00a0jedoch innerhalb von Mitgliedstaaten der Europ\u00e4ischen Union oder in anderen Vertragsstaaten des Abkommens \u00fcber den Europ\u00e4ischen Wirtschaftsraum zuvor gek\u00fcrzt. Nur in Ausnahmef\u00e4llen wird die volle IP Adresse an einen Server von\u00a0Google\u00a0in den USA \u00fcbertragen und dort gek\u00fcrzt. Im Auftrag des Betreibers dieser Website wird\u00a0Google\u00a0diese Informationen benutzen, um Ihre Nutzung der Website auszuwerten, um Reports \u00fcber die Websiteaktivit\u00e4ten zusammenzustellen und um weitere mit der Websitenutzung und der Internetnutzung verbundene Dienstleistungen gegen\u00fcber dem Websitebetreiber zu erbringen. Die im Rahmen von\u00a0Google\u00a0Analytics von Ihrem Browser \u00fcbermittelte IP-Adresse wird nicht mit anderen Daten von\u00a0Google\u00a0zusammengef\u00fchrt. Sie k\u00f6nnen die Speicherung der Cookies durch eine entsprechende Einstellung Ihrer Browser-Software verhindern; wir weisen Sie jedoch darauf hin, dass Sie in diesem Fall gegebenenfalls nicht s\u00e4mtliche Funktionen dieser Website vollumf\u00e4nglich werden nutzen k\u00f6nnen. Sie k\u00f6nnen dar\u00fcber hinaus die Erfassung der durch das Cookie erzeugten und auf Ihre Nutzung der Website bezogenen Daten (inkl. Ihrer IP-Adresse) an\u00a0Google\u00a0sowie die Verarbeitung dieser Daten durch\u00a0Google\u00a0verhindern, indem sie das unter dem folgenden Link verf\u00fcgbare Browser-Plugin herunterladen und installieren. Der aktuelle Link ist .<\/p>\n<h4>Remarketing- bzw. \u201e\u00c4hnliche Zielgruppen\u201c-Funktion der\u00a0Google\u00a0Inc.<\/h4>\n<p>Diese Website benutzt die\u00a0Google\u00a0AdWords Remarketing- bzw. \u201e\u00c4hnliche Zielgruppen\u201c-Funktion von\u00a0Google. Diese Funktion dient dazu, Nutzern unserer Website und anderen Nutzern mit \u00e4hnlichen Interessen aufgrund ihres Online-Nutzerverhaltens gezielte Produktempfehlungen und interessenbasierte Werbung einzublenden, wenn die Nutzer andere Websites im\u00a0GoogleDisplay-Netzwerk besuchen oder eine\u00a0Google-Suche ausf\u00fchren. Werden auf diesen Websites unsere Werbeanzeigen eingeblendet, werden uns Informationen \u00fcber den Besuch dieser Websites \u00fcbermittelt, z.B. wie oft unsere Anzeige angesehen wurde, wie viele Klicks und Besuche \u00fcber eine bestimmte Werbeanzeige generiert wurden und welche Inhalte nach einem Klick auf eine Werbeanzeige auf unserer Website aufgerufen wurden.<\/p>\n<p>Die Grundlage dieser interessenbezogenen Werbung bildet eine Analyse des Online-Nutzerverhaltens. Zur Durchf\u00fchrung dieser Analyse setzt\u00a0Google\u00a0Cookies ein. Cookies sind kleine Textdateien, die von einem Webserver generiert und mittels des genutzten Webbrowsers auf Ihrem Computer gespeichert werden w\u00e4hrend Sie eine Website im\u00a0Google\u00a0Display-Netzwerk oder einen bestimmten\u00a0Google-Dienst besuchen. Diese Cookies enthalten Informationen zu Ihrem letzten Besuch oder zu Einstellungen Ihres Browsers wie z.B. die eingestellte Sprache.<\/p>\n<p>Die Cookies dienen zur Erfassung der Besuche der Website mittels einer eindeutigen Identifikation eines Webbrowsers auf einem bestimmten Computer und nicht zur Identifikation einer Person. S\u00e4mtliche Daten werden durch Verwendung eines Pseudonyms gespeichert, so dass ein R\u00fcckschluss auf die Person des Nutzers und damit eine pers\u00f6nliche Identifikation nicht ohne Weiteres m\u00f6glich ist.<\/p>\n<p>Sie k\u00f6nnen die Verwendung von Cookies durch\u00a0Google\u00a0deaktivieren, indem sie die\u00a0<a href=\"https:\/\/www.porsche.com\/germany\/exit\/?pool=germany&amp;type=externallink&amp;id=google-adwords-settings&amp;lang=none\">Anzeigenvorgaben<\/a>\u00a0aufrufen und das Opt-out entsprechend umsetzen. Alternativ k\u00f6nnen Sie die Verwendung von Cookies durch Drittanbieter deaktivieren, indem Sie die\u00a0<a href=\"https:\/\/www.porsche.com\/germany\/exit\/?pool=germany&amp;type=externallink&amp;id=networkadverstising&amp;lang=none\">Deaktivierungsseite der Netzwerkinitiative<\/a>\u00a0aufrufen und die dort genannten weiterf\u00fchrenden Information zum Opt-Out umsetzen.<\/p>\n<p>Weiterf\u00fchrende Informationen zu\u00a0Google\u00a0Remarketing bzw. \u201e\u00c4hnliche Zielgruppen\u201c k\u00f6nnen Sie einsehen unter:\u00a0<a href=\"https:\/\/www.porsche.com\/germany\/exit\/?pool=germany&amp;type=externallink&amp;id=google-adwords-support&amp;lang=none\">https:\/\/support.google.com\/adwords\/answer\/2676774?hl=de<\/a><\/p>\n<p>Die Datenschutzerkl\u00e4rung von\u00a0Google\u00a0k\u00f6nnen Sie einsehen unter:\u00a0<a href=\"https:\/\/www.porsche.com\/germany\/exit\/?pool=germany&amp;type=externallink&amp;id=google-privacy-policy&amp;lang=none\">http:\/\/www.google.de\/policies\/privacy\/<\/a><\/p>\n<p>Dar\u00fcber hinaus k\u00f6nnen Sie das Setzen von Cookies auch \u00fcber Ihre Browsereinstellungen steuern (s.o.).<\/p>\n<h4>Live Chat<\/h4>\n<p>Die Techcode SME Services Co. Ltd. bietet im Rahmen ihres Webauftritts eine Beratung per Live Chat an. Mithilfe des Live Chats k\u00f6nnen Sie eine Textkommunikation mit einem unserer Berater f\u00fchren. Wenn Sie den Live Chat aufrufen und nutzen, \u00fcbermittelt Ihr Internetbrowser zu Beginn der Nutzung aus technischen Gr\u00fcnden automatisch Daten. Folgende Daten werden getrennt von anderen Daten, die Sie unter Umst\u00e4nden an uns \u00fcbermitteln, gespeichert:<\/p>\n<ul class=\"defaultList\">\n<li>Datum und Uhrzeit des Zugriffs,<\/li>\n<li>Dauer des Besuchs unserer Webseite,<\/li>\n<li>Art des Webbrowsers \/ der Webbrowserversion,<\/li>\n<li>verwendetes Betriebssystem,<\/li>\n<li>Menge der gesendeten Daten,<\/li>\n<li>Art des Ereignisses,<\/li>\n<li>IP-Adresse (anonymisiert).<\/li>\n<\/ul>\n<p>Rechtsgrundlage hierf\u00fcr sind die Erf\u00fcllung unserer rechtlichen Verpflichtungen im Bereich Datensicherheit und unser berechtigtes Interesse an der Beseitigung von St\u00f6rungen und der Gew\u00e4hrleistung der Sicherheit unserer Angebote. Diese Daten werden dar\u00fcber hinaus auch &#8211; ohne Zuordnung zu einer konkreten Person &#8211; zu Analysezwecken verarbeitet.<\/p>\n<p>Die im Rahmen des Live-Chats von Ihnen in die Chatmaske eingegebenen Textinhalte werden auf dem Server eines Dienstleisters gespeichert. Falls Sie im Verlauf des Chats einen weiteren Kontakt w\u00fcnschen, bitten wir Sie hierzu nach Aufforderung durch den Berater unser Kontaktformular zu benutzen.<\/p>\n<p>Wenn Sie dies im Zusammenhang mit Ihrer Kontaktaufnahme w\u00fcnschen, k\u00f6nnen Sie Vorteile der Techcode Kunden- und Interessentenbetreuung nutzen. Hierzu werden, die vorgenannten, von Ihnen angegebenen Daten und ggf. aus dem Beratungsgespr\u00e4ch erhobene Informationen (z.B. Kalkulationsdaten, Beruf, Interessen), die eine individuellere Betreuung erm\u00f6glichen, auf Ihren Wunsch hin, in einer von der Techcode SME Services Co. Ltd. verwalteten zentralen Datenbank gespeichert und mit Daten des Techcode Konzerns zusammengef\u00fchrt. In diesem Fall k\u00f6nnen die Unternehmen des Techcode Konzerns die Daten zur individuellen Kunden- und Interessentenbetreuung, f\u00fcr Befragungen zur Kundenzufriedenheit und Informationen zu Fahrzeugen sowie zu fahrzeugbezogenen Dienstleistungen von Techcode SME Services Co. Ltd. nutzen und Sie zu diesen Zwecken \u00fcber die von Ihnen gew\u00fcnschten Kommunikationswege kontaktieren.<\/p>\n<h4>Sicherheit<\/h4>\n<p>Techcode setzt technische und organisatorische Sicherheitsma\u00dfnahmen ein, um Ihre durch uns verwalteten Daten gegen zuf\u00e4llige oder vors\u00e4tzliche Manipulationen, Verlust, Zerst\u00f6rung oder vor dem Zugriff unberechtigter Personen zu sch\u00fctzen. Unsere Sicherheitsma\u00dfnahmen werden entsprechend der technologischen Entwicklung fortlaufend verbessert.<\/p>\n<h4>Rechte der Betroffenen<\/h4>\n<p>Auf Anforderung teilen wir Ihnen schriftlich mit, ob und welche pers\u00f6nlichen Daten \u00fcber Sie bei uns gespeichert sind. Sind Sie als Nutzer f\u00fcr den Techcode Login registriert, haben Sie die M\u00f6glichkeit, Ihre Daten selbst einzusehen und gegebenenfalls zu \u00e4ndern oder zu l\u00f6schen. Sollten trotz unserer Bem\u00fchungen um Datenrichtigkeit und Aktualit\u00e4t falsche Informationen gespeichert sein, werden wir diese auf Ihre Aufforderung hin berichtigen. Sie k\u00f6nnen Ihre Einwilligung zur Speicherung Ihrer pers\u00f6nlichen Daten jederzeit durch eine kurze Nachricht f\u00fcr die Zukunft widerrufen.<\/p>\n<p>Dar\u00fcber hinaus k\u00f6nnen Sie sich bei Fragen bez\u00fcglich der Verarbeitung Ihrer pers\u00f6nlichen Daten, Anregungen oder Beschwerden an unsere Konzernbeauftragte f\u00fcr den Datenschutz wenden.<\/p>\n\n\n<p><\/p>\n","protected":false},"excerpt":{"rendered":"<p>Datenschutzerkl\u00e4rung Wir freuen uns \u00fcber Ihren Besuch auf unserer Webseite sowie \u00fcber ihr Interesse an unserem Unternehmen und unseren Produkten. Damit Sie sich beim Besuch unserer Webseite sicher und wohl f\u00fchlen, nehmen wir den Schutz Ihrer pers\u00f6nlichen Daten und deren vertrauliche Behandlung sehr ernst. Mit diesen Hinweisen zum Datenschutz m\u00f6chten wir Sie daher dar\u00fcber informieren, [&hellip;]<\/p>\n","protected":false},"author":1,"featured_media":0,"parent":0,"menu_order":0,"comment_status":"closed","ping_status":"closed","template":"page-templates\/page_fullwidth.php","meta":{"spay_email":""},"jetpack_shortlink":"https:\/\/wp.me\/P8uPf9-GC","_links":{"self":[{"href":"https:\/\/techcode-germany.com\/home\/wp-json\/wp\/v2\/pages\/2642"}],"collection":[{"href":"https:\/\/techcode-germany.com\/home\/wp-json\/wp\/v2\/pages"}],"about":[{"href":"https:\/\/techcode-germany.com\/home\/wp-json\/wp\/v2\/types\/page"}],"author":[{"embeddable":true,"href":"https:\/\/techcode-germany.com\/home\/wp-json\/wp\/v2\/users\/1"}],"replies":[{"embeddable":true,"href":"https:\/\/techcode-germany.com\/home\/wp-json\/wp\/v2\/comments?post=2642"}],"version-history":[{"count":3,"href":"https:\/\/techcode-germany.com\/home\/wp-json\/wp\/v2\/pages\/2642\/revisions"}],"predecessor-version":[{"id":3621,"href":"https:\/\/techcode-germany.com\/home\/wp-json\/wp\/v2\/pages\/2642\/revisions\/3621"}],"wp:attachment":[{"href":"https:\/\/techcode-germany.com\/home\/wp-json\/wp\/v2\/media?parent=2642"}],"curies":[{"name":"wp","href":"https:\/\/api.w.org\/{rel}","templated":true}]}}